{"id":7325,"date":"2026-01-22T09:15:25","date_gmt":"2026-01-22T09:15:25","guid":{"rendered":"https:\/\/bloomati.com\/?post_type=product&#038;p=7325"},"modified":"2026-02-02T15:06:43","modified_gmt":"2026-02-02T15:06:43","slug":"idj-037-0380","status":"publish","type":"product","link":"https:\/\/bloomati.com\/pt-pt\/online-store\/interlock-jacquard-pt-pt\/idj-037-0380\/","title":{"rendered":"IDJ.037.0380"},"content":{"rendered":"<p><span dir=\"auto\" style=\"vertical-align: inherit\"><span dir=\"auto\" style=\"vertical-align: inherit\"><span dir=\"auto\" style=\"vertical-align: inherit\"><span dir=\"auto\" style=\"vertical-align: inherit\">Encaixe Jacquard<\/span><\/span><\/span><\/span><\/p>\n<p><span dir=\"auto\" style=\"vertical-align: inherit\"><span dir=\"auto\" style=\"vertical-align: inherit\"><span dir=\"auto\" style=\"vertical-align: inherit\"><span dir=\"auto\" style=\"vertical-align: inherit\">100% Algod\u00e3o<\/span><\/span><\/span><\/span><\/p>\n<p><span dir=\"auto\" style=\"vertical-align: inherit\"><span dir=\"auto\" style=\"vertical-align: inherit\"><span dir=\"auto\" style=\"vertical-align: inherit\"><span dir=\"auto\" style=\"vertical-align: inherit\">DS5001<\/span><\/span><\/span><\/span><\/p>\n<p><span dir=\"auto\" style=\"vertical-align: inherit\"><span dir=\"auto\" style=\"vertical-align: inherit\"><span dir=\"auto\" style=\"vertical-align: inherit\"><span dir=\"auto\" style=\"vertical-align: inherit\">Toque refrescante de gra\u00e7a<\/span><\/span><\/span><\/span><\/p>\n<p><span dir=\"auto\" style=\"vertical-align: inherit\"><span dir=\"auto\" style=\"vertical-align: inherit\"><span dir=\"auto\" style=\"vertical-align: inherit\"><span dir=\"auto\" style=\"vertical-align: inherit\">Quantidade m\u00ednima para encomenda: 100 m\/cor<\/span><\/span><\/span><\/span><\/p>\n<p>&nbsp;<\/p>\n","protected":false},"excerpt":{"rendered":"<p>Encaixe Jacquard 100% Algod\u00e3o DS5001 Toque refrescante de gra\u00e7a Quantidade m\u00ednima para encomenda: 100 m\/cor &nbsp;<\/p>\n","protected":false},"featured_media":7327,"template":"","meta":{"_acf_changed":false},"product_brand":[],"product_cat":[3284],"product_tag":[],"class_list":{"0":"post-7325","1":"product","2":"type-product","3":"status-publish","4":"has-post-thumbnail","6":"product_cat-interlock-jacquard","8":"first","9":"instock","10":"taxable","11":"shipping-taxable","12":"purchasable","13":"product-type-simple"},"acf":[],"_links":{"self":[{"href":"https:\/\/bloomati.com\/pt-pt\/wp-json\/wp\/v2\/product\/7325","targetHints":{"allow":["GET"]}}],"collection":[{"href":"https:\/\/bloomati.com\/pt-pt\/wp-json\/wp\/v2\/product"}],"about":[{"href":"https:\/\/bloomati.com\/pt-pt\/wp-json\/wp\/v2\/types\/product"}],"wp:featuredmedia":[{"embeddable":true,"href":"https:\/\/bloomati.com\/pt-pt\/wp-json\/wp\/v2\/media\/7327"}],"wp:attachment":[{"href":"https:\/\/bloomati.com\/pt-pt\/wp-json\/wp\/v2\/media?parent=7325"}],"wp:term":[{"taxonomy":"product_brand","embeddable":true,"href":"https:\/\/bloomati.com\/pt-pt\/wp-json\/wp\/v2\/product_brand?post=7325"},{"taxonomy":"product_cat","embeddable":true,"href":"https:\/\/bloomati.com\/pt-pt\/wp-json\/wp\/v2\/product_cat?post=7325"},{"taxonomy":"product_tag","embeddable":true,"href":"https:\/\/bloomati.com\/pt-pt\/wp-json\/wp\/v2\/product_tag?post=7325"}],"curies":[{"name":"wp","href":"https:\/\/api.w.org\/{rel}","templated":true}]}}