{"id":7159,"date":"2025-07-04T10:12:42","date_gmt":"2025-07-04T09:12:42","guid":{"rendered":"https:\/\/bloomati.com\/?post_type=product&#038;p=7159"},"modified":"2025-07-15T15:44:28","modified_gmt":"2025-07-15T14:44:28","slug":"jer-003-0005-2","status":"publish","type":"product","link":"https:\/\/bloomati.com\/pt-pt\/online-store\/jersey-pt-pt\/jer-003-0005-2\/","title":{"rendered":"JER.003.0005"},"content":{"rendered":"<p><span style=\"vertical-align: inherit\"><span style=\"vertical-align: inherit\">Jersey<\/span><\/span><\/p>\n<p><span style=\"vertical-align: inherit\"><span style=\"vertical-align: inherit\">92% algod\u00e3o org\u00e2nico 8% elastano<\/span><\/span><\/p>\n<p><span style=\"vertical-align: inherit\"><span style=\"vertical-align: inherit\">Azul AZ22962<\/span><\/span><\/p>\n<p><span style=\"vertical-align: inherit\"><span style=\"vertical-align: inherit\">Quantidade m\u00ednima do pedido: 100 m\/cor<\/span><\/span><\/p>\n","protected":false},"excerpt":{"rendered":"<p>Jersey 92% algod\u00e3o org\u00e2nico 8% elastano Azul AZ22962 Quantidade m\u00ednima do pedido: 100 m\/cor<\/p>\n","protected":false},"featured_media":7162,"template":"","meta":{"_acf_changed":false},"product_brand":[],"product_cat":[3016],"product_tag":[],"class_list":{"0":"post-7159","1":"product","2":"type-product","3":"status-publish","4":"has-post-thumbnail","6":"product_cat-jersey","8":"first","9":"instock","10":"taxable","11":"shipping-taxable","12":"purchasable","13":"product-type-simple"},"acf":[],"_links":{"self":[{"href":"https:\/\/bloomati.com\/pt-pt\/wp-json\/wp\/v2\/product\/7159","targetHints":{"allow":["GET"]}}],"collection":[{"href":"https:\/\/bloomati.com\/pt-pt\/wp-json\/wp\/v2\/product"}],"about":[{"href":"https:\/\/bloomati.com\/pt-pt\/wp-json\/wp\/v2\/types\/product"}],"wp:featuredmedia":[{"embeddable":true,"href":"https:\/\/bloomati.com\/pt-pt\/wp-json\/wp\/v2\/media\/7162"}],"wp:attachment":[{"href":"https:\/\/bloomati.com\/pt-pt\/wp-json\/wp\/v2\/media?parent=7159"}],"wp:term":[{"taxonomy":"product_brand","embeddable":true,"href":"https:\/\/bloomati.com\/pt-pt\/wp-json\/wp\/v2\/product_brand?post=7159"},{"taxonomy":"product_cat","embeddable":true,"href":"https:\/\/bloomati.com\/pt-pt\/wp-json\/wp\/v2\/product_cat?post=7159"},{"taxonomy":"product_tag","embeddable":true,"href":"https:\/\/bloomati.com\/pt-pt\/wp-json\/wp\/v2\/product_tag?post=7159"}],"curies":[{"name":"wp","href":"https:\/\/api.w.org\/{rel}","templated":true}]}}