{"id":6356,"date":"2022-10-18T14:49:50","date_gmt":"2022-10-18T13:49:50","guid":{"rendered":"https:\/\/bloomati.com\/homepage\/"},"modified":"2023-11-06T09:59:03","modified_gmt":"2023-11-06T09:59:03","slug":"pagina-inicial","status":"publish","type":"page","link":"https:\/\/bloomati.com\/pt-pt\/","title":{"rendered":"P\u00e1gina inicial"},"content":{"rendered":"\t\t<div data-elementor-type=\"wp-page\" data-elementor-id=\"6356\" class=\"elementor elementor-6356 elementor-818\" data-elementor-post-type=\"page\">\n\t\t\t\t\t\t<section class=\"elementor-section elementor-top-section elementor-element elementor-element-5b7901c ct-section-stretched elementor-section-height-min-height elementor-section-boxed elementor-section-height-default elementor-section-items-middle\" data-id=\"5b7901c\" data-element_type=\"section\" data-e-type=\"section\" data-settings=\"{&quot;background_background&quot;:&quot;video&quot;,&quot;background_video_link&quot;:&quot;https:\\\/\\\/bloomati.com\\\/wp-content\\\/uploads\\\/2022\\\/10\\\/bloomati-video-intro.mp4&quot;,&quot;background_play_on_mobile&quot;:&quot;yes&quot;}\">\n\t\t\t\t\t\t\t\t<div class=\"elementor-background-video-container\">\n\t\t\t\t\t\t\t\t\t\t\t\t\t<video class=\"elementor-background-video-hosted\" role=\"presentation\" autoplay muted playsinline loop><\/video>\n\t\t\t\t\t\t\t\t\t\t\t<\/div>\n\t\t\t\t\t\t\t\t<div class=\"elementor-container elementor-column-gap-default\">\n\t\t\t\t\t<div class=\"elementor-column elementor-col-100 elementor-top-column elementor-element elementor-element-811aec6\" data-id=\"811aec6\" data-element_type=\"column\" data-e-type=\"column\">\n\t\t\t<div class=\"elementor-widget-wrap elementor-element-populated\">\n\t\t\t\t\t\t<div class=\"elementor-element elementor-element-cf7478c elementor-widget elementor-widget-heading\" data-id=\"cf7478c\" data-element_type=\"widget\" data-e-type=\"widget\" data-widget_type=\"heading.default\">\n\t\t\t\t<div class=\"elementor-widget-container\">\n\t\t\t\t\t<h1 class=\"elementor-heading-title elementor-size-default\">ACABAMENTOS INOVADORES E SUSTENT\u00c1VEIS<\/h1>\t\t\t\t<\/div>\n\t\t\t\t<\/div>\n\t\t\t\t<div class=\"elementor-element elementor-element-ae021ba elementor-align-center elementor-widget elementor-widget-button\" data-id=\"ae021ba\" data-element_type=\"widget\" data-e-type=\"widget\" data-widget_type=\"button.default\">\n\t\t\t\t<div class=\"elementor-widget-container\">\n\t\t\t\t\t\t\t\t\t<div class=\"elementor-button-wrapper\">\n\t\t\t\t\t<a class=\"elementor-button elementor-button-link elementor-size-sm\" href=\"#inova\u00e7\u00e3o-sustent\u00e1vel-acabamentos\">\n\t\t\t\t\t\t<span class=\"elementor-button-content-wrapper\">\n\t\t\t\t\t\t\t\t\t<span class=\"elementor-button-text\">SABER MAIS<\/span>\n\t\t\t\t\t<\/span>\n\t\t\t\t\t<\/a>\n\t\t\t\t<\/div>\n\t\t\t\t\t\t\t\t<\/div>\n\t\t\t\t<\/div>\n\t\t\t\t\t<\/div>\n\t\t<\/div>\n\t\t\t\t\t<\/div>\n\t\t<\/section>\n\t\t\t\t<section class=\"elementor-section elementor-top-section elementor-element elementor-element-1868a63 ct-section-stretched elementor-section-boxed elementor-section-height-default elementor-section-height-default\" data-id=\"1868a63\" data-element_type=\"section\" data-e-type=\"section\" id=\"inova\u00e7\u00e3o-sustent\u00e1vel-acabamentos\">\n\t\t\t\t\t\t<div class=\"elementor-container elementor-column-gap-default\">\n\t\t\t\t\t<div class=\"elementor-column elementor-col-100 elementor-top-column elementor-element elementor-element-e75893f\" data-id=\"e75893f\" data-element_type=\"column\" data-e-type=\"column\">\n\t\t\t<div class=\"elementor-widget-wrap elementor-element-populated\">\n\t\t\t\t\t\t<div class=\"elementor-element elementor-element-20dd4b3 elementor-widget__width-initial elementor-widget-mobile__width-inherit elementor-widget elementor-widget-text-editor\" data-id=\"20dd4b3\" data-element_type=\"widget\" data-e-type=\"widget\" data-widget_type=\"text-editor.default\">\n\t\t\t\t<div class=\"elementor-widget-container\">\n\t\t\t\t\t\t\t\t\t<p>Somos extremamente vers\u00e1teis no tratamento dos mais diversos artigos, desde as fibras tradicionais, como o algod\u00e3o e o poli\u00e9ster, at\u00e9 \u00e0s mais delicadas, como as poliamidas, as fibras de celulose regenerada e respectivas misturas com elastano<\/p>\n\t\t\t\t\t\t\t\t<\/div>\n\t\t\t\t<\/div>\n\t\t\t\t\t<\/div>\n\t\t<\/div>\n\t\t\t\t\t<\/div>\n\t\t<\/section>\n\t\t\t\t<section class=\"elementor-section elementor-top-section elementor-element elementor-element-bf037a9 ct-section-stretched elementor-section-full_width elementor-section-content-middle elementor-section-height-default elementor-section-height-default\" data-id=\"bf037a9\" data-element_type=\"section\" data-e-type=\"section\">\n\t\t\t\t\t\t<div class=\"elementor-container elementor-column-gap-default\">\n\t\t\t\t\t<div class=\"elementor-column elementor-col-50 elementor-top-column elementor-element elementor-element-a38fff9\" data-id=\"a38fff9\" data-element_type=\"column\" data-e-type=\"column\">\n\t\t\t<div class=\"elementor-widget-wrap elementor-element-populated\">\n\t\t\t\t\t\t<div class=\"elementor-element elementor-element-ee7a442 elementor-widget__width-initial elementor-widget-tablet__width-inherit elementor-widget elementor-widget-heading\" data-id=\"ee7a442\" data-element_type=\"widget\" data-e-type=\"widget\" data-widget_type=\"heading.default\">\n\t\t\t\t<div class=\"elementor-widget-container\">\n\t\t\t\t\t<h2 class=\"elementor-heading-title elementor-size-default\">COMO DESENVOLVEMOS OS NOSSOS PRODUTOS<\/h2>\t\t\t\t<\/div>\n\t\t\t\t<\/div>\n\t\t\t\t\t<\/div>\n\t\t<\/div>\n\t\t\t\t<div class=\"elementor-column elementor-col-50 elementor-top-column elementor-element elementor-element-485d672\" data-id=\"485d672\" data-element_type=\"column\" data-e-type=\"column\">\n\t\t\t<div class=\"elementor-widget-wrap elementor-element-populated\">\n\t\t\t\t\t\t<div class=\"elementor-element elementor-element-708a359 elementor-widget elementor-widget-shortcode\" data-id=\"708a359\" data-element_type=\"widget\" data-e-type=\"widget\" data-widget_type=\"shortcode.default\">\n\t\t\t\t<div class=\"elementor-widget-container\">\n\t\t\t\t\t\t\t<div class=\"elementor-shortcode\">        \t\t\t\t\t\t\t<div class=\"develop-our-products\">\n\t\t\t\t\t\t\t\t\t\t\t<div class=\"dev-product-card\">    \n\t\t\t\t\t\t\t                        \n\t\t\t\t\t\t\t<div class=\"dev-product-image\" style=\"background: url('https:\/\/bloomati.com\/wp-content\/uploads\/2022\/10\/research-and-development.png') no-repeat;\">\n\t\t\t\t\t\t\t\t<div class=\"dev-product-title\">\n\t\t\t\t\t\t\t\t\t<h3>Investiga\u00e7\u00e3o e Desenvolvimento<\/h3>\n\t\t\t\t\t\t\t\t<\/div>\n\t\t\t\t\t\t\t\t<div class=\"dev-product-text\">\n\t\t\t\t\t\t\t\t\t<p><p>Equipas especializadas realizam diariamente uma investiga\u00e7\u00e3o aprofundada com o objetivo de desenvolver novos acabamentos. Ao combinar uma elabora\u00e7\u00e3o cuidada do produto com uma estrat\u00e9gia empresarial orientada para o mercado internacional, alcan\u00e7amos acabamentos sustent\u00e1veis de elevada qualidade.<\/p>\n<\/p>\n\t\t\t\t\t\t\t\t<\/div>\n\t\t\t\t\t\t\t<\/div>\n\t\t\t\t\t\t<\/div>\n\t\t\t\t\t\t\t\t\t\t\t<div class=\"dev-product-card\">    \n\t\t\t\t\t\t\t                        \n\t\t\t\t\t\t\t<div class=\"dev-product-image\" style=\"background: url('https:\/\/bloomati.com\/wp-content\/uploads\/2022\/10\/raw-material.png') no-repeat;\">\n\t\t\t\t\t\t\t\t<div class=\"dev-product-title\">\n\t\t\t\t\t\t\t\t\t<h3>Mat\u00e9ria-Prima<\/h3>\n\t\t\t\t\t\t\t\t<\/div>\n\t\t\t\t\t\t\t\t<div class=\"dev-product-text\">\n\t\t\t\t\t\t\t\t\t<p><p>A utiliza\u00e7\u00e3o de materiais naturais, reciclados e ecologicamente sustent\u00e1veis \u00e9 um dos principais objetivos da Bloomati, uma vez que procuramos seguir uma abordagem totalmente ecol\u00f3gica e selecionar sempre as melhores mat\u00e9rias-primas, desde os fios at\u00e9 aos produtos utilizados nos acabamentos.<\/p>\n<\/p>\n\t\t\t\t\t\t\t\t<\/div>\n\t\t\t\t\t\t\t<\/div>\n\t\t\t\t\t\t<\/div>\n\t\t\t\t\t\t\t\t\t\t\t<div class=\"dev-product-card\">    \n\t\t\t\t\t\t\t                        \n\t\t\t\t\t\t\t<div class=\"dev-product-image\" style=\"background: url('https:\/\/bloomati.com\/wp-content\/uploads\/2022\/10\/manufactoring-process.png') no-repeat;\">\n\t\t\t\t\t\t\t\t<div class=\"dev-product-title\">\n\t\t\t\t\t\t\t\t\t<h3>Processo de fabrico<\/h3>\n\t\t\t\t\t\t\t\t<\/div>\n\t\t\t\t\t\t\t\t<div class=\"dev-product-text\">\n\t\t\t\t\t\t\t\t\t<p><p>A nossa abordagem ecol\u00f3gica est\u00e1 presente em todo o processo de fabrico, combinando fibras naturais com um processo totalmente sustent\u00e1vel de tingimento e acabamento, dando origem a um produto integralmente sustent\u00e1vel, com o objetivo de minimizar o impacto ambiental e contribuir para a preserva\u00e7\u00e3o do planeta.<\/p>\n<\/p>\n\t\t\t\t\t\t\t\t<\/div>\n\t\t\t\t\t\t\t<\/div>\n\t\t\t\t\t\t<\/div>\n\t\t\t\t\t\t\t\t\t<\/div>\n\t\t\t                    \t    <\/div>\n\t\t\t\t\t\t<\/div>\n\t\t\t\t<\/div>\n\t\t\t\t\t<\/div>\n\t\t<\/div>\n\t\t\t\t\t<\/div>\n\t\t<\/section>\n\t\t\t\t<section class=\"elementor-section elementor-top-section elementor-element elementor-element-1cc4c9c ct-section-stretched elementor-section-content-middle elementor-section-boxed elementor-section-height-default elementor-section-height-default\" data-id=\"1cc4c9c\" data-element_type=\"section\" data-e-type=\"section\" data-settings=\"{&quot;background_background&quot;:&quot;classic&quot;}\">\n\t\t\t\t\t\t<div class=\"elementor-container elementor-column-gap-default\">\n\t\t\t\t\t<div class=\"elementor-column elementor-col-100 elementor-top-column elementor-element elementor-element-86cd138\" data-id=\"86cd138\" data-element_type=\"column\" data-e-type=\"column\">\n\t\t\t<div class=\"elementor-widget-wrap elementor-element-populated\">\n\t\t\t\t\t\t<div class=\"elementor-element elementor-element-733a1da elementor-widget__width-initial elementor-widget-mobile__width-inherit elementor-widget elementor-widget-text-editor\" data-id=\"733a1da\" data-element_type=\"widget\" data-e-type=\"widget\" data-widget_type=\"text-editor.default\">\n\t\t\t\t<div class=\"elementor-widget-container\">\n\t\t\t\t\t\t\t\t\t<p>Cri\u00e1mos um produto forte e amigo do ambiente, optimizando a utiliza\u00e7\u00e3o de fibras org\u00e2nicas e recicladas, de forma a conceber um produto de excel\u00eancia, totalmente sustent\u00e1vel, amigo do ambiente e, assim, uma refer\u00eancia no mercado internacional.<\/p>\n\t\t\t\t\t\t\t\t<\/div>\n\t\t\t\t<\/div>\n\t\t\t\t<div class=\"elementor-element elementor-element-d9d13c5 elementor-align-left elementor-mobile-align-center elementor-widget elementor-widget-button\" data-id=\"d9d13c5\" data-element_type=\"widget\" data-e-type=\"widget\" data-widget_type=\"button.default\">\n\t\t\t\t<div class=\"elementor-widget-container\">\n\t\t\t\t\t\t\t\t\t<div class=\"elementor-button-wrapper\">\n\t\t\t\t\t<a class=\"elementor-button elementor-button-link elementor-size-sm\" href=\"https:\/\/bloomati.com\/pt-pt\/sustainability\/\">\n\t\t\t\t\t\t<span class=\"elementor-button-content-wrapper\">\n\t\t\t\t\t\t\t\t\t<span class=\"elementor-button-text\">SABER MAIS<\/span>\n\t\t\t\t\t<\/span>\n\t\t\t\t\t<\/a>\n\t\t\t\t<\/div>\n\t\t\t\t\t\t\t\t<\/div>\n\t\t\t\t<\/div>\n\t\t\t\t\t<\/div>\n\t\t<\/div>\n\t\t\t\t\t<\/div>\n\t\t<\/section>\n\t\t\t\t<section class=\"elementor-section elementor-top-section elementor-element elementor-element-b9ee496 ct-section-stretched elementor-section-boxed elementor-section-height-default elementor-section-height-default\" data-id=\"b9ee496\" data-element_type=\"section\" data-e-type=\"section\">\n\t\t\t\t\t\t<div class=\"elementor-container elementor-column-gap-default\">\n\t\t\t\t\t<div class=\"elementor-column elementor-col-100 elementor-top-column elementor-element elementor-element-f02bb80\" data-id=\"f02bb80\" data-element_type=\"column\" data-e-type=\"column\">\n\t\t\t<div class=\"elementor-widget-wrap elementor-element-populated\">\n\t\t\t\t\t\t<div class=\"elementor-element elementor-element-5eb653c elementor-widget elementor-widget-heading\" data-id=\"5eb653c\" data-element_type=\"widget\" data-e-type=\"widget\" data-widget_type=\"heading.default\">\n\t\t\t\t<div class=\"elementor-widget-container\">\n\t\t\t\t\t<h3 class=\"elementor-heading-title elementor-size-default\">Novos produtos<\/h3>\t\t\t\t<\/div>\n\t\t\t\t<\/div>\n\t\t\t\t<div class=\"elementor-element elementor-element-470c576 elementor-grid-3 elementor-product-loop-item--align-left elementor-grid-tablet-3 elementor-grid-mobile-2 elementor-products-grid elementor-wc-products elementor-widget elementor-widget-woocommerce-products\" data-id=\"470c576\" data-element_type=\"widget\" data-e-type=\"widget\" data-widget_type=\"woocommerce-products.default\">\n\t\t\t\t<div class=\"elementor-widget-container\">\n\t\t\t\t\t<div class=\"woocommerce columns-3 \"><ul class=\"products elementor-grid columns-3\" data-products=\"type-2\" data-hover=\"swap\">\n<li class=\"product type-product post-7392 status-publish first instock product_cat-felpa-americana has-post-thumbnail taxable shipping-taxable purchasable product-type-simple\">\n\t<a href=\"https:\/\/bloomati.com\/pt-pt\/online-store\/felpa-americana-pt-pt\/fam-100-0392\/\" class=\"woocommerce-LoopProduct-link woocommerce-loop-product__link\"><img fetchpriority=\"high\" decoding=\"async\" width=\"300\" height=\"300\" src=\"https:\/\/bloomati.com\/wp-content\/uploads\/2026\/03\/IMG_5527-300x300.jpeg\" class=\"attachment-woocommerce_thumbnail size-woocommerce_thumbnail\" alt=\"FAM.100.0392\" srcset=\"https:\/\/bloomati.com\/wp-content\/uploads\/2026\/03\/IMG_5527-300x300.jpeg 300w, https:\/\/bloomati.com\/wp-content\/uploads\/2026\/03\/IMG_5527-150x150.jpeg 150w, https:\/\/bloomati.com\/wp-content\/uploads\/2026\/03\/IMG_5527-100x100.jpeg 100w\" sizes=\"(max-width: 300px) 100vw, 300px\" \/><h2 class=\"woocommerce-loop-product__title\">FAM.100.0392<\/h2>\n\t<span class=\"price\"><span class=\"woocommerce-Price-amount amount\"><bdi>20,11&nbsp;<span class=\"woocommerce-Price-currencySymbol\">&euro;<\/span><\/bdi><\/span> <small class=\"woocommerce-price-suffix\">(Inc. VAT 23%)<\/small>\/m<\/span>\n<\/a><a href=\"\/pt-pt\/wp-json\/wp\/v2\/pages\/6356?add-to-cart=7392\" aria-describedby=\"woocommerce_loop_add_to_cart_link_describedby_7392\" data-quantity=\"1\" class=\"button product_type_simple add_to_cart_button ajax_add_to_cart\" data-product_id=\"7392\" data-product_sku=\"FAM.100.0392\" aria-label=\"Adiciona ao carrinho: &ldquo;FAM.100.0392&rdquo;\" rel=\"nofollow\" data-success_message=\"&ldquo;FAM.100.0392&rdquo; foi adicionado ao seu carrinho\" role=\"button\">Adicionar<\/a>\t<span id=\"woocommerce_loop_add_to_cart_link_describedby_7392\" class=\"screen-reader-text\">\n\t\t\t<\/span>\n<\/li>\n<li class=\"product type-product post-7386 status-publish instock product_cat-felpa-americana has-post-thumbnail taxable shipping-taxable purchasable product-type-simple\">\n\t<a href=\"https:\/\/bloomati.com\/pt-pt\/online-store\/felpa-americana-pt-pt\/fam-150-0393\/\" class=\"woocommerce-LoopProduct-link woocommerce-loop-product__link\"><img decoding=\"async\" width=\"300\" height=\"300\" src=\"https:\/\/bloomati.com\/wp-content\/uploads\/2026\/03\/IMG_5525-300x300.jpeg\" class=\"attachment-woocommerce_thumbnail size-woocommerce_thumbnail\" alt=\"FAM.150.0393\" srcset=\"https:\/\/bloomati.com\/wp-content\/uploads\/2026\/03\/IMG_5525-300x300.jpeg 300w, https:\/\/bloomati.com\/wp-content\/uploads\/2026\/03\/IMG_5525-150x150.jpeg 150w, https:\/\/bloomati.com\/wp-content\/uploads\/2026\/03\/IMG_5525-100x100.jpeg 100w\" sizes=\"(max-width: 300px) 100vw, 300px\" \/><h2 class=\"woocommerce-loop-product__title\">FAM.150.0393<\/h2>\n\t<span class=\"price\"><span class=\"woocommerce-Price-amount amount\"><bdi>25,28&nbsp;<span class=\"woocommerce-Price-currencySymbol\">&euro;<\/span><\/bdi><\/span> <small class=\"woocommerce-price-suffix\">(Inc. VAT 23%)<\/small>\/m<\/span>\n<\/a><a href=\"\/pt-pt\/wp-json\/wp\/v2\/pages\/6356?add-to-cart=7386\" aria-describedby=\"woocommerce_loop_add_to_cart_link_describedby_7386\" data-quantity=\"1\" class=\"button product_type_simple add_to_cart_button ajax_add_to_cart\" data-product_id=\"7386\" data-product_sku=\"FAM.150.0393\" aria-label=\"Adiciona ao carrinho: &ldquo;FAM.150.0393&rdquo;\" rel=\"nofollow\" data-success_message=\"&ldquo;FAM.150.0393&rdquo; foi adicionado ao seu carrinho\" role=\"button\">Adicionar<\/a>\t<span id=\"woocommerce_loop_add_to_cart_link_describedby_7386\" class=\"screen-reader-text\">\n\t\t\t<\/span>\n<\/li>\n<li class=\"product type-product post-7381 status-publish last instock product_cat-piquet has-post-thumbnail taxable shipping-taxable purchasable product-type-simple\">\n\t<a href=\"https:\/\/bloomati.com\/pt-pt\/online-store\/piquet-pt-pt\/piq-100-0360\/\" class=\"woocommerce-LoopProduct-link woocommerce-loop-product__link\"><img decoding=\"async\" width=\"300\" height=\"300\" src=\"https:\/\/bloomati.com\/wp-content\/uploads\/2026\/03\/F1C40CAD-BADF-4AAD-BF82-66D7086BA568-300x300.jpeg\" class=\"attachment-woocommerce_thumbnail size-woocommerce_thumbnail\" alt=\"PIQ.100.0360\" srcset=\"https:\/\/bloomati.com\/wp-content\/uploads\/2026\/03\/F1C40CAD-BADF-4AAD-BF82-66D7086BA568-300x300.jpeg 300w, https:\/\/bloomati.com\/wp-content\/uploads\/2026\/03\/F1C40CAD-BADF-4AAD-BF82-66D7086BA568-150x150.jpeg 150w, https:\/\/bloomati.com\/wp-content\/uploads\/2026\/03\/F1C40CAD-BADF-4AAD-BF82-66D7086BA568-100x100.jpeg 100w\" sizes=\"(max-width: 300px) 100vw, 300px\" \/><h2 class=\"woocommerce-loop-product__title\">PIQ.100.0360<\/h2>\n\t<span class=\"price\"><span class=\"woocommerce-Price-amount amount\"><bdi>27,00&nbsp;<span class=\"woocommerce-Price-currencySymbol\">&euro;<\/span><\/bdi><\/span> <small class=\"woocommerce-price-suffix\">(Inc. VAT 23%)<\/small>\/m<\/span>\n<\/a><a href=\"\/pt-pt\/wp-json\/wp\/v2\/pages\/6356?add-to-cart=7381\" aria-describedby=\"woocommerce_loop_add_to_cart_link_describedby_7381\" data-quantity=\"1\" class=\"button product_type_simple add_to_cart_button ajax_add_to_cart\" data-product_id=\"7381\" data-product_sku=\"PIQ.100.0360\" aria-label=\"Adiciona ao carrinho: &ldquo;PIQ.100.0360&rdquo;\" rel=\"nofollow\" data-success_message=\"&ldquo;PIQ.100.0360&rdquo; foi adicionado ao seu carrinho\" role=\"button\">Adicionar<\/a>\t<span id=\"woocommerce_loop_add_to_cart_link_describedby_7381\" class=\"screen-reader-text\">\n\t\t\t<\/span>\n<\/li>\n<\/ul>\n<\/div>\t\t\t\t<\/div>\n\t\t\t\t<\/div>\n\t\t\t\t\t<\/div>\n\t\t<\/div>\n\t\t\t\t\t<\/div>\n\t\t<\/section>\n\t\t\t\t<\/div>\n\t\t","protected":false},"excerpt":{"rendered":"<p>ACABAMENTOS INOVADORES E SUSTENT\u00c1VEIS SABER MAIS Somos extremamente vers\u00e1teis no tratamento dos mais diversos artigos, desde as fibras tradicionais, como o algod\u00e3o e o poli\u00e9ster, at\u00e9 \u00e0s mais delicadas, como as poliamidas, as fibras de celulose regenerada e respectivas misturas com elastano COMO DESENVOLVEMOS OS NOSSOS PRODUTOS Cri\u00e1mos um produto forte e amigo do ambiente, [&hellip;]<\/p>\n","protected":false},"author":1,"featured_media":0,"parent":0,"menu_order":0,"comment_status":"closed","ping_status":"closed","template":"","meta":{"_acf_changed":false,"footnotes":""},"class_list":["post-6356","page","type-page","status-publish","hentry"],"blocksy_meta":{"styles_descriptor":{"styles":{"desktop":"","tablet":"","mobile":""},"google_fonts":[],"version":6}},"acf":[],"_links":{"self":[{"href":"https:\/\/bloomati.com\/pt-pt\/wp-json\/wp\/v2\/pages\/6356","targetHints":{"allow":["GET"]}}],"collection":[{"href":"https:\/\/bloomati.com\/pt-pt\/wp-json\/wp\/v2\/pages"}],"about":[{"href":"https:\/\/bloomati.com\/pt-pt\/wp-json\/wp\/v2\/types\/page"}],"author":[{"embeddable":true,"href":"https:\/\/bloomati.com\/pt-pt\/wp-json\/wp\/v2\/users\/1"}],"replies":[{"embeddable":true,"href":"https:\/\/bloomati.com\/pt-pt\/wp-json\/wp\/v2\/comments?post=6356"}],"version-history":[{"count":4,"href":"https:\/\/bloomati.com\/pt-pt\/wp-json\/wp\/v2\/pages\/6356\/revisions"}],"predecessor-version":[{"id":7563,"href":"https:\/\/bloomati.com\/pt-pt\/wp-json\/wp\/v2\/pages\/6356\/revisions\/7563"}],"wp:attachment":[{"href":"https:\/\/bloomati.com\/pt-pt\/wp-json\/wp\/v2\/media?parent=6356"}],"curies":[{"name":"wp","href":"https:\/\/api.w.org\/{rel}","templated":true}]}}